{"id":328,"date":"2018-10-14T17:06:31","date_gmt":"2018-10-14T17:06:31","guid":{"rendered":"https:\/\/mazur-sky.pl\/?page_id=328"},"modified":"2022-03-29T15:38:33","modified_gmt":"2022-03-29T15:38:33","slug":"rodo-gdpr","status":"publish","type":"page","link":"https:\/\/mazur-sky.pl\/?page_id=328","title":{"rendered":"RODO (GDPR)"},"content":{"rendered":"<div id=\"attachment_329\" style=\"width: 310px\" class=\"wp-caption aligncenter\"><a href=\"https:\/\/mazur-sky.pl\/wp-content\/uploads\/2018\/10\/gdpr.jpg\"><img loading=\"lazy\" decoding=\"async\" aria-describedby=\"caption-attachment-329\" class=\"size-medium wp-image-329\" src=\"https:\/\/mazur-sky.pl\/wp-content\/uploads\/2018\/10\/gdpr-300x225.jpg\" alt=\"\" width=\"300\" height=\"225\" srcset=\"https:\/\/mazur-sky.pl\/wp-content\/uploads\/2018\/10\/gdpr-300x225.jpg 300w, https:\/\/mazur-sky.pl\/wp-content\/uploads\/2018\/10\/gdpr-768x576.jpg 768w, https:\/\/mazur-sky.pl\/wp-content\/uploads\/2018\/10\/gdpr-660x495.jpg 660w, https:\/\/mazur-sky.pl\/wp-content\/uploads\/2018\/10\/gdpr.jpg 960w\" sizes=\"auto, (max-width: 300px) 100vw, 300px\" \/><\/a><p id=\"caption-attachment-329\" class=\"wp-caption-text\">Gdpr Privacy Regulation Legislation Protection<\/p><\/div>\n<p><strong>KLAUZULA INFORMACYJNA<\/strong><\/p>\n<p>Zgodnie z art. 13 ust. 1 i ust. 2 Rozporz\u0105dzenia Parlamentu Europejskiego i Rady (UE) 2016\/679<br \/>\nz dnia 27.04.2016r. w sprawie ochrony os\u00f3b fizycznych w zwi\u0105zku z przetwarzaniem danych osobowych i w sprawie swobodnego przep\u0142ywu takich danych oraz uchylenia dyrektywy 95\/46\/WE (og\u00f3lne rozporz\u0105dzenie o ochronie danych) (Dz. Urz. UE L 119, s. 1) (dalej: RODO), informuj\u0119, \u017ce:<\/p>\n<ol>\n<li><strong>Administratorem Pani\/Pana danych osobowych jest Anna Barbara Ta\u0144ska, prowadz\u0105ca dzia\u0142alno\u015b\u0107 gospodarcz\u0105 pod firm\u0105 \u201eMAZUR-SKY\u201d Anna Barbara Ta\u0144ska,<br \/>\nM\u0142ynowa 5D\/13, 11-700 Mr\u0105gowo, tel. 501-774-181.<\/strong><\/li>\n<li>Pani\/Pana dane osobowe przetwarzane b\u0119d\u0105 w nast\u0119puj\u0105cym celu: zawarcia i realizacji umowy, kt\u00f3rej stron\u0105 jest osoba, kt\u00f3rej dane dotycz\u0105.<\/li>\n<li>Podstaw\u0105 przetwarzania Pani\/ Pana danych osobowych jest art. 6 ust. 1 pkt b) RODO<br \/>\nw zakresie wykonania umowy, kt\u00f3rej stron\u0105 jest osoba, kt\u00f3rej dane dotycz\u0105, lub podj\u0119cie dzia\u0142a\u0144 na \u017c\u0105danie osoby, kt\u00f3rej dane dotycz\u0105, przed zawarciem umowy.<\/li>\n<li>Dane osobowe b\u0119d\u0105 przechowywane przez okres niezb\u0119dny realizacji w\/w celu<br \/>\nz uwzgl\u0119dnieniem okres\u00f3w przechowywania okre\u015blonych w przepisach odr\u0119bnych, w tym<br \/>\nw przepisach archiwalnych.<\/li>\n<li>Odbiorcami Pana\/Pani danych osobowych b\u0119d\u0105 podmioty uprawnione na podstawie odr\u0119bnych przepis\u00f3w.<\/li>\n<li>Osoba, kt\u00f3rej dane dotycz\u0105 ma prawo do dost\u0119pu do tre\u015bci swoich danych osobowych,<br \/>\nich sprostowania, ograniczenia przetwarzania, a tak\u017ce w przypadkach przewidzianych przepisami prawa \u2013 prawo do usuni\u0119cia danych i prawo do wniesienia sprzeciwu wobec przetwarzania danych osobowych.<\/li>\n<li>Podanie przez Pana\/Pani\u0105 danych osobowych jest dobrowolne, jednak\u017ce niezb\u0119dne do realizacji umowy. Jest Pan\/Pani zobowi\u0105zana do ich podania a konsekwencj\u0105 niepodania danych osobowych b\u0119dzie brak mo\u017cliwo\u015bci zawarcia lub realizacji umowy.<\/li>\n<li>Ma Pan\/Pani prawo wniesienia skargi do organu nadzorczego Prezesa Urz\u0119du Ochrony Danych Osobowych, ul. Stawki 2, 00-193 Warszawa.<\/li>\n<\/ol>\n","protected":false},"excerpt":{"rendered":"<p>KLAUZULA INFORMACYJNA Zgodnie z art. 13 ust. 1 i ust. 2 Rozporz\u0105dzenia Parlamentu Europejskiego i Rady (UE) 2016\/679 z dnia 27.04.2016r. w sprawie ochrony os\u00f3b fizycznych w zwi\u0105zku z przetwarzaniem danych osobowych i w sprawie swobodnego przep\u0142ywu takich danych oraz uchylenia dyrektywy 95\/46\/WE (og\u00f3lne rozporz\u0105dzenie o ochronie danych) (Dz. Urz. UE L 119, s. 1)\u2026 <span class=\"read-more\"><a href=\"https:\/\/mazur-sky.pl\/?page_id=328\">Dowiedz si\u0119 wi\u0119cej &raquo;<\/a><\/span><\/p>\n","protected":false},"author":1,"featured_media":0,"parent":0,"menu_order":0,"comment_status":"closed","ping_status":"closed","template":"","meta":{"footnotes":""},"class_list":["post-328","page","type-page","status-publish","hentry"],"_links":{"self":[{"href":"https:\/\/mazur-sky.pl\/index.php?rest_route=\/wp\/v2\/pages\/328","targetHints":{"allow":["GET"]}}],"collection":[{"href":"https:\/\/mazur-sky.pl\/index.php?rest_route=\/wp\/v2\/pages"}],"about":[{"href":"https:\/\/mazur-sky.pl\/index.php?rest_route=\/wp\/v2\/types\/page"}],"author":[{"embeddable":true,"href":"https:\/\/mazur-sky.pl\/index.php?rest_route=\/wp\/v2\/users\/1"}],"replies":[{"embeddable":true,"href":"https:\/\/mazur-sky.pl\/index.php?rest_route=%2Fwp%2Fv2%2Fcomments&post=328"}],"version-history":[{"count":3,"href":"https:\/\/mazur-sky.pl\/index.php?rest_route=\/wp\/v2\/pages\/328\/revisions"}],"predecessor-version":[{"id":470,"href":"https:\/\/mazur-sky.pl\/index.php?rest_route=\/wp\/v2\/pages\/328\/revisions\/470"}],"wp:attachment":[{"href":"https:\/\/mazur-sky.pl\/index.php?rest_route=%2Fwp%2Fv2%2Fmedia&parent=328"}],"curies":[{"name":"wp","href":"https:\/\/api.w.org\/{rel}","templated":true}]}}