{"id":2,"date":"2015-10-06T13:05:39","date_gmt":"2015-10-06T13:05:39","guid":{"rendered":"http:\/\/mazur-sky.pl\/a\/?page_id=2"},"modified":"2025-06-01T09:33:57","modified_gmt":"2025-06-01T09:33:57","slug":"przykladowa-strona","status":"publish","type":"page","link":"https:\/\/mazur-sky.pl\/","title":{"rendered":"Witaj"},"content":{"rendered":"\n<h3 class=\"wp-block-heading\">&nbsp;<\/h3>\n\n\n\n<h3 class=\"wp-block-heading\">Oferujemy Pa\u0144stwu ekskluzywne loty balonem na ogrzane powietrze od<br>kwietnia do pa\u017adziernika!!! Nasz\u0105 specjalno\u015bci\u0105 s\u0105 loty zar\u0119czynowe oraz loty<br>balonem od 1 do 4 os\u00f3b, maksymalnie 8 os\u00f3b w dw\u00f3ch turach. Oferujemy<br>r\u00f3wnie\u017c nowo\u017ce\u0144com mo\u017cliwo\u015b\u0107 po\u0142\u0105czenia lotu balonem z sesj\u0105 \u015blubn\u0105!!<\/h3>\n\n\n\n<figure class=\"wp-block-embed is-type-video is-provider-youtube wp-block-embed-youtube wp-embed-aspect-16-9 wp-has-aspect-ratio\"><div class=\"wp-block-embed__wrapper\">\n<iframe loading=\"lazy\" title=\"Kasia i Artur   Pi\u0119kny Dzie\u0144 &amp; Mazur-Sky\" width=\"665\" height=\"374\" src=\"https:\/\/www.youtube.com\/embed\/kLxsSYepNN0?feature=oembed\" frameborder=\"0\" allow=\"accelerometer; autoplay; clipboard-write; encrypted-media; gyroscope; picture-in-picture; web-share\" referrerpolicy=\"strict-origin-when-cross-origin\" allowfullscreen><\/iframe>\n<\/div><\/figure>\n\n\n\n<h3 class=\"wp-block-heading\"><span style=\"color: #555555;\"><span style=\"font-size: medium;\"><b><br><\/b><\/span><\/span><span style=\"color: #555555;\"><span style=\"font-size: medium;\"><b>Loty balonem, to doskona\u0142a okazja do uczczenia rocznicy \u015blubu, oryginalne miejsce zar\u0119czyn, wspania\u0142y prezent na urodziny czy imieniny, jednocze\u015bnie to wspania\u0142y spos\u00f3b na uczczenie wielu szczeg\u00f3lnych chwil &nbsp;<\/b><\/span><\/span><span style=\"color: #555555;\"><span style=\"font-size: medium;\"><b>w naszym \u017cyciu, kt\u00f3re wymagaj\u0105 specjalnej oprawy i niezapomnianych wra\u017ce\u0144. <\/b><\/span><\/span><\/h3>\n\n\n\n<figure class=\"wp-block-embed is-type-video is-provider-youtube wp-block-embed-youtube wp-embed-aspect-16-9 wp-has-aspect-ratio\"><div class=\"wp-block-embed__wrapper\">\n<iframe loading=\"lazy\" title=\"Mazur-Sky.pl podw\u00f3jny lot\" width=\"665\" height=\"374\" src=\"https:\/\/www.youtube.com\/embed\/hEcDPhu5Tsw?feature=oembed\" frameborder=\"0\" allow=\"accelerometer; autoplay; clipboard-write; encrypted-media; gyroscope; picture-in-picture; web-share\" referrerpolicy=\"strict-origin-when-cross-origin\" allowfullscreen><\/iframe>\n<\/div><\/figure>\n\n\n\n<h3 class=\"wp-block-heading\"><span style=\"color: #555555;\"><span style=\"font-size: medium;\"><b>Loty wykonujemy praktycznie z ca\u0142ych Mazur, okolice: Mr\u0105gowa, K\u0119trzyna, Miko\u0142ajek, Gi\u017cycka i Rynu.<\/b><\/span><\/span><\/h3>\n\n\n\n<p><strong>Oferujemy:<\/strong><\/p>\n\n\n\n<p><em>a. Swobodny lot balonem.<\/em><\/p>\n\n\n<div class=\"wp-block-image\">\n<figure class=\"alignleft\"><a href=\"https:\/\/mazur-sky.pl\/wp-content\/uploads\/2018\/03\/20170807_182523.jpg\"><img loading=\"lazy\" decoding=\"async\" width=\"150\" height=\"150\" src=\"https:\/\/mazur-sky.pl\/wp-content\/uploads\/2018\/03\/20170807_182523-150x150.jpg\" alt=\"\" class=\"wp-image-276\"\/><\/a><\/figure>\n<\/div>\n\n\n<p>Jak to jest zobaczy\u0107 \u015bwiat z g\u00f3ry? Jak to jest widzie\u0107 uliczki miast, lasy, \u0142\u0105ki i jeziora&nbsp;z lotu ptaka? Jak to jest \u201edotkn\u0105\u0107 nieba\u201d? Mo\u017cna znale\u017a\u0107 odpowied\u017a na te i wiele innych pyta\u0144 lec\u0105c balonem. Lot balonem zapami\u0119tacie Pa\u0144stwo jako fantastyczn\u0105 przygod\u0119 i niezapomniane widoki zapieraj\u0105ce dech w piersiach.<\/p>\n\n\n\n<p><span style=\"color: #ffffff;\">1<\/span><\/p>\n\n\n\n<p><span style=\"color: #ffffff;\">1<\/span><\/p>\n\n\n\n<p><em>b. Lot zar\u0119czynowy.<br><\/em><\/p>\n\n\n<div class=\"wp-block-image\">\n<figure class=\"alignleft\"><a href=\"https:\/\/mazur-sky.pl\/wp-content\/uploads\/2018\/10\/1.jpg\"><img loading=\"lazy\" decoding=\"async\" width=\"150\" height=\"150\" src=\"https:\/\/mazur-sky.pl\/wp-content\/uploads\/2018\/10\/1-150x150.jpg\" alt=\"\" class=\"wp-image-321\"\/><\/a><\/figure>\n<\/div>\n\n\n<p>Lot zar\u0119czynowy to niezapomniane wra\u017cenia, przepi\u0119kne widoki nad Krain\u0105 Wielkich Jezior Mazurskich oraz pi\u0119kne filmy i zdj\u0119cia, kt\u00f3re s\u0105 pami\u0105tk\u0105 na ca\u0142e \u017cycie&#8230;..a jednocze\u015bnie jest to oryginalny i niezapomniany spos\u00f3b na zar\u0119czyny. M\u00f3wi si\u0119 \u017ce mi\u0142o\u015b\u0107 dodaje skrzyde\u0142, a zakochani unosz\u0105 si\u0119 nad ziemi\u0105. Za spraw\u0105 naszego balonu zakochani mog\u0105 unie\u015b\u0107 si\u0119 nad ziemi\u0105 dos\u0142ownie i tam wysoko w ob\u0142okach mog\u0105 wyzna\u0107 sobie mi\u0142o\u015b\u0107. M\u00f3wi si\u0119 \u017ce nie wystarczy pokocha\u0107, trzeba jeszcze umie\u0107 wzi\u0105\u0107 t\u0119 mi\u0142o\u015b\u0107 w r\u0119ce i przenie\u015b\u0107 j\u0105 przez ca\u0142e \u017cycie. Zar\u0119czyny to pocz\u0105tek niesienia mi\u0142o\u015bci razem przez \u017cycie\u2026<\/p>\n\n\n\n<p><em>c. Lot balonem na uwi\u0119zi.<\/em><\/p>\n\n\n<div class=\"wp-block-image\">\n<figure class=\"alignleft\"><a href=\"https:\/\/mazur-sky.pl\/wp-content\/uploads\/2018\/05\/11188437_662020227259364_4611258214760606827_n.jpg\"><img loading=\"lazy\" decoding=\"async\" width=\"150\" height=\"150\" src=\"https:\/\/mazur-sky.pl\/wp-content\/uploads\/2018\/05\/11188437_662020227259364_4611258214760606827_n-150x150.jpg\" alt=\"\" class=\"wp-image-304\"\/><\/a><\/figure>\n<\/div>\n\n\n<p>Lot balonem na uwi\u0119zi to kilkuminutowy lot balonem, kt\u00f3ry wznosi si\u0119 na wysoko\u015b\u0107 30 do 50 metr\u00f3w. Balon przywi\u0105zany jest na przyk\u0142ad do pobliskich drzew i do samochod\u00f3w. W trakcie takich lot\u00f3w mog\u0105 Pa\u0144stwo podziwia\u0107 poblisk\u0105 okolic\u0119&nbsp;i \u201ezarazi\u0107 si\u0119\u201d pasj\u0105 do latania.<\/p>\n\n\n\n<p><span style=\"color: #ffffff;\">1<\/span><\/p>\n\n\n\n<p><span style=\"color: #ffffff;\">1<\/span><\/p>\n\n\n\n<p><span style=\"color: #ffffff;\">1<\/span><\/p>\n\n\n\n<p><span style=\"color: #ffffff;\">1<\/span><\/p>\n\n\n\n<p><span style=\"color: #ffffff;\">1<\/span><\/p>\n","protected":false},"excerpt":{"rendered":"<p>&nbsp; Oferujemy Pa\u0144stwu ekskluzywne loty balonem na ogrzane powietrze odkwietnia do pa\u017adziernika!!! Nasz\u0105 specjalno\u015bci\u0105 s\u0105 loty zar\u0119czynowe oraz lotybalonem od 1 do 4 os\u00f3b, maksymalnie 8 os\u00f3b w dw\u00f3ch turach. Oferujemyr\u00f3wnie\u017c nowo\u017ce\u0144com mo\u017cliwo\u015b\u0107 po\u0142\u0105czenia lotu balonem z sesj\u0105 \u015blubn\u0105!! Loty balonem, to doskona\u0142a okazja do uczczenia rocznicy \u015blubu, oryginalne miejsce zar\u0119czyn, wspania\u0142y prezent na urodziny\u2026 <span class=\"read-more\"><a href=\"https:\/\/mazur-sky.pl\/\">Dowiedz si\u0119 wi\u0119cej &raquo;<\/a><\/span><\/p>\n","protected":false},"author":1,"featured_media":0,"parent":0,"menu_order":0,"comment_status":"closed","ping_status":"closed","template":"","meta":{"footnotes":""},"class_list":["post-2","page","type-page","status-publish","hentry"],"_links":{"self":[{"href":"https:\/\/mazur-sky.pl\/index.php?rest_route=\/wp\/v2\/pages\/2","targetHints":{"allow":["GET"]}}],"collection":[{"href":"https:\/\/mazur-sky.pl\/index.php?rest_route=\/wp\/v2\/pages"}],"about":[{"href":"https:\/\/mazur-sky.pl\/index.php?rest_route=\/wp\/v2\/types\/page"}],"author":[{"embeddable":true,"href":"https:\/\/mazur-sky.pl\/index.php?rest_route=\/wp\/v2\/users\/1"}],"replies":[{"embeddable":true,"href":"https:\/\/mazur-sky.pl\/index.php?rest_route=%2Fwp%2Fv2%2Fcomments&post=2"}],"version-history":[{"count":37,"href":"https:\/\/mazur-sky.pl\/index.php?rest_route=\/wp\/v2\/pages\/2\/revisions"}],"predecessor-version":[{"id":521,"href":"https:\/\/mazur-sky.pl\/index.php?rest_route=\/wp\/v2\/pages\/2\/revisions\/521"}],"wp:attachment":[{"href":"https:\/\/mazur-sky.pl\/index.php?rest_route=%2Fwp%2Fv2%2Fmedia&parent=2"}],"curies":[{"name":"wp","href":"https:\/\/api.w.org\/{rel}","templated":true}]}}