{"id":120,"date":"2016-02-07T13:39:05","date_gmt":"2016-02-07T13:39:05","guid":{"rendered":"http:\/\/mazur-sky.pl\/?page_id=120"},"modified":"2018-04-09T16:14:31","modified_gmt":"2018-04-09T16:14:31","slug":"promocje","status":"publish","type":"page","link":"https:\/\/mazur-sky.pl\/?page_id=120","title":{"rendered":"Promocje"},"content":{"rendered":"<h2><strong><span style=\"color: #0000ff;\">AKTUALNE PROMOCJE<\/span><\/strong><\/h2>\n<p>&nbsp;<\/p>\n<p>&nbsp;<\/p>\n<hr \/>\n<p>&nbsp;<\/p>\n<h2><span style=\"color: #0000ff;\">PROMOCJE JU\u017b NIEAKTUALNE<\/span><\/h2>\n<p><span style=\"color: #0000ff;\"><strong>8-10 MARCA 2018<\/strong><\/span><\/p>\n<p><a href=\"https:\/\/mazur-sky.pl\/wp-content\/uploads\/2018\/03\/20170807_182523.jpg\"><img loading=\"lazy\" decoding=\"async\" class=\"alignleft size-medium wp-image-276\" src=\"https:\/\/mazur-sky.pl\/wp-content\/uploads\/2018\/03\/20170807_182523-169x300.jpg\" alt=\"\" width=\"169\" height=\"300\" srcset=\"https:\/\/mazur-sky.pl\/wp-content\/uploads\/2018\/03\/20170807_182523-169x300.jpg 169w, https:\/\/mazur-sky.pl\/wp-content\/uploads\/2018\/03\/20170807_182523-768x1365.jpg 768w, https:\/\/mazur-sky.pl\/wp-content\/uploads\/2018\/03\/20170807_182523-576x1024.jpg 576w, https:\/\/mazur-sky.pl\/wp-content\/uploads\/2018\/03\/20170807_182523-660x1173.jpg 660w, https:\/\/mazur-sky.pl\/wp-content\/uploads\/2018\/03\/20170807_182523.jpg 1836w\" sizes=\"auto, (max-width: 169px) 100vw, 169px\" \/><\/a>Dzi\u015b rozpoczynamy \u015bwi\u0119towanie z Paniami a 10 marca zako\u0144czymy \u015bwi\u0119towanie z Panami!! Dwa \u015bwi\u0119ta wiec jak tego nie uczci\u0107&#8230;? Z tej okazji mamy dla Was Kochani promocj\u0119, ka\u017cdy kto od dzi\u015b do soboty 10 marca zarezerwuje u nas lot balonem otrzyma 10% rabatu! Pogoda nas teraz nie rozpieszcza ale mo\u017cecie Pa\u0144stwo zarezerwowa\u0107 u nas lot na dowolny termin, byleby zg\u0142osi\u0107 si\u0119 do nas od dzi\u015b do soboty wtedy otrzymacie 10% rabat!!! Zg\u0142osi\u0107 si\u0119 mo\u017cecie poprzez mail mazur-sky@wp.pl, poprzez fb b\u0105d\u017a telefonicznie 506-927-301 (w godz, 9-18).<\/p>\n<p>&nbsp;<\/p>\n<p>&nbsp;<\/p>\n<p>&nbsp;<\/p>\n<p>&nbsp;<\/p>\n<p>&nbsp;<\/p>\n<p>&nbsp;<\/p>\n<p>&nbsp;<\/p>\n<p><span style=\"color: #0000ff;\"><strong>8-10 MARCA 2017<\/strong><\/span><\/p>\n<p><a href=\"https:\/\/mazur-sky.pl\/wp-content\/uploads\/2016\/02\/810march.jpg\"><img loading=\"lazy\" decoding=\"async\" class=\"size-medium wp-image-221 alignleft\" src=\"https:\/\/mazur-sky.pl\/wp-content\/uploads\/2016\/02\/810march-300x169.jpg\" alt=\"\" width=\"300\" height=\"169\" srcset=\"https:\/\/mazur-sky.pl\/wp-content\/uploads\/2016\/02\/810march-300x169.jpg 300w, https:\/\/mazur-sky.pl\/wp-content\/uploads\/2016\/02\/810march-768x432.jpg 768w, https:\/\/mazur-sky.pl\/wp-content\/uploads\/2016\/02\/810march-1024x576.jpg 1024w, https:\/\/mazur-sky.pl\/wp-content\/uploads\/2016\/02\/810march-660x371.jpg 660w\" sizes=\"auto, (max-width: 300px) 100vw, 300px\" \/><\/a>Zbli\u017caj\u0105 si\u0119 dwa \u015awi\u0119ta? Kto pami\u0119ta? 8 marca wszyscy wiedz\u0105 \u017ce obchodzony jest Dzie\u0144 Kobiet, a 10 marca kto pami\u0119ta \u017ce to \u015awi\u0119to M\u0119\u017cczyzn?<br \/>\nMy pami\u0119tamy o Was Kochani i z tej okazji mamy dla Was promocj\u0119!!!!<\/p>\n<p><strong>Ka\u017cdy kto zarezerwuje lot mi\u0119dzy 8 a 10 marca otrzyma od nas 10% rabat na lot balonem<\/strong>, wiec ustawcie przypomnienia aby Wam taka okazja nie uciek\u0142a <span class=\"_47e3 _5mfr\" title=\"Emotikon wink\"><img loading=\"lazy\" decoding=\"async\" class=\"img\" src=\"https:\/\/static.xx.fbcdn.net\/images\/emoji.php\/v7\/f57\/1\/16\/1f609.png\" alt=\"\" width=\"16\" height=\"16\" \/><\/span>\u00a0!!!<\/p>\n<p>&nbsp;<\/p>\n<p>&nbsp;<\/p>\n<p>&nbsp;<\/p>\n<p><strong><span style=\"color: #0000ff;\">WALENTYNKI 2016:<\/span><\/strong><\/p>\n<p style=\"text-align: justify;\"><span style=\"color: #000000;\"><a href=\"https:\/\/mazur-sky.pl\/wp-content\/uploads\/2016\/02\/walentynkiMazur2016.jpg\" rel=\"attachment wp-att-121\"><img loading=\"lazy\" decoding=\"async\" class=\"alignleft size-medium wp-image-121\" src=\"https:\/\/mazur-sky.pl\/wp-content\/uploads\/2016\/02\/walentynkiMazur2016-300x225.jpg\" alt=\"walentynkiMazur2016\" width=\"300\" height=\"225\" srcset=\"https:\/\/mazur-sky.pl\/wp-content\/uploads\/2016\/02\/walentynkiMazur2016-300x225.jpg 300w, https:\/\/mazur-sky.pl\/wp-content\/uploads\/2016\/02\/walentynkiMazur2016-768x576.jpg 768w, https:\/\/mazur-sky.pl\/wp-content\/uploads\/2016\/02\/walentynkiMazur2016.jpg 960w\" sizes=\"auto, (max-width: 300px) 100vw, 300px\" \/><\/a>\u015awi\u0119to Zakochanych ju\u017c za kilka dni, zastanawiacie si\u0119 jakim szczeg\u00f3lnym prezentem obdarowa\u0107 najbli\u017csz\u0105 Wam osob\u0119?<br \/>\nMamy dla Was Kochani niezwyk\u0142\u0105 ofert\u0119 z okazji zbli\u017caj\u0105cych si\u0119 Walentynek!!<br \/>\n<em><strong>KA\u017bDY, kto zarezerwuje u nas lot balonem do 14 lutego 2016 r. otrzyma 10% rabat na lot widokowy!!<\/strong><\/em><br \/>\nZapraszamy do skorzystania z naszej Walentynkowej oferty nie tylko zakochane pary ale i rodziny, mam\u0119, tat\u0119, braci, siostry, szwagr\u00f3w i szwagierki, przyjaci\u00f3\u0142 <i>\ud83d\ude42<\/i>Sprawmy bliskiej Nam osobie oryginalny i wspania\u0142y prezent z okazji Walentynek. Niech najbli\u017csi poczuj\u0105 si\u0119 kochani i wyj\u0105tkowi \ud83d\ude42\u00a0!!!<\/span><\/p>\n","protected":false},"excerpt":{"rendered":"<p>AKTUALNE PROMOCJE &nbsp; &nbsp; &nbsp; PROMOCJE JU\u017b NIEAKTUALNE 8-10 MARCA 2018 Dzi\u015b rozpoczynamy \u015bwi\u0119towanie z Paniami a 10 marca zako\u0144czymy \u015bwi\u0119towanie z Panami!! Dwa \u015bwi\u0119ta wiec jak tego nie uczci\u0107&#8230;? Z tej okazji mamy dla Was Kochani promocj\u0119, ka\u017cdy kto od dzi\u015b do soboty 10 marca zarezerwuje u nas lot balonem otrzyma 10% rabatu! Pogoda\u2026 <span class=\"read-more\"><a href=\"https:\/\/mazur-sky.pl\/?page_id=120\">Dowiedz si\u0119 wi\u0119cej &raquo;<\/a><\/span><\/p>\n","protected":false},"author":1,"featured_media":0,"parent":0,"menu_order":0,"comment_status":"closed","ping_status":"closed","template":"","meta":{"footnotes":""},"class_list":["post-120","page","type-page","status-publish","hentry"],"_links":{"self":[{"href":"https:\/\/mazur-sky.pl\/index.php?rest_route=\/wp\/v2\/pages\/120","targetHints":{"allow":["GET"]}}],"collection":[{"href":"https:\/\/mazur-sky.pl\/index.php?rest_route=\/wp\/v2\/pages"}],"about":[{"href":"https:\/\/mazur-sky.pl\/index.php?rest_route=\/wp\/v2\/types\/page"}],"author":[{"embeddable":true,"href":"https:\/\/mazur-sky.pl\/index.php?rest_route=\/wp\/v2\/users\/1"}],"replies":[{"embeddable":true,"href":"https:\/\/mazur-sky.pl\/index.php?rest_route=%2Fwp%2Fv2%2Fcomments&post=120"}],"version-history":[{"count":11,"href":"https:\/\/mazur-sky.pl\/index.php?rest_route=\/wp\/v2\/pages\/120\/revisions"}],"predecessor-version":[{"id":295,"href":"https:\/\/mazur-sky.pl\/index.php?rest_route=\/wp\/v2\/pages\/120\/revisions\/295"}],"wp:attachment":[{"href":"https:\/\/mazur-sky.pl\/index.php?rest_route=%2Fwp%2Fv2%2Fmedia&parent=120"}],"curies":[{"name":"wp","href":"https:\/\/api.w.org\/{rel}","templated":true}]}}