{"id":100,"date":"2015-10-26T15:16:42","date_gmt":"2015-10-26T15:16:42","guid":{"rendered":"http:\/\/mazur-sky.pl\/?page_id=100"},"modified":"2015-10-26T16:33:53","modified_gmt":"2015-10-26T16:33:53","slug":"przed-lotem","status":"publish","type":"page","link":"https:\/\/mazur-sky.pl\/?page_id=100","title":{"rendered":"Jak przygotowa\u0107 si\u0119 do lotu??"},"content":{"rendered":"<p><span style=\"color: #0000ff;\"><em><strong>Zach\u0119camy Pa\u0144stwa do przygotowania si\u0119 na lot w nast\u0119puj\u0105cy spos\u00f3b:<\/strong><\/em><\/span><\/p>\n<p>&#8211;\u00a0\u00a0\u00a0\u00a0\u00a0\u00a0\u00a0 obuwie sportowe, najlepiej wi\u0105zane (niewskazane s\u0105 buty na obcasie, klapki czy japonki);<u><\/u><u><\/u><\/p>\n<p>&#8211;\u00a0\u00a0\u00a0\u00a0\u00a0\u00a0\u00a0 nakrycie g\u0142owy np. czapeczka, bandamka (p\u0142omie\u0144 od palnika emituje du\u017c\u0105 ilo\u015b\u0107 ciep\u0142a);<u><\/u><u><\/u><\/p>\n<p>&#8211;\u00a0\u00a0\u00a0\u00a0\u00a0\u00a0\u00a0 z uwagi, \u017ce l\u0105dowanie odbywa si\u0119 w miejscu przygodnym np. pole, dobrze by\u0107 ubranym w d\u0142ugie spodnie;<u><\/u><u><\/u><\/p>\n<p>&#8211;\u00a0\u00a0\u00a0\u00a0\u00a0\u00a0 warto zabra\u0107 aparat, kamer\u0119 itp. w pokrowcu lub ma\u0142ym plecaku, aby m\u00f3c przed l\u0105dowaniem zabezpieczy\u0107 (spakowa\u0107) sprz\u0119t i mie\u0107 wolne r\u0119ce do zaj\u0119cia pozycji do l\u0105dowania oraz by zatrzyma\u0107 wspomnienia z lotu na d\u0142u\u017cej \ud83d\ude09<\/p>\n<p>&nbsp;<\/p>\n<p><span style=\"color: #0000ff;\"><em><strong>Ze wzgl\u0119du na bezpiecze\u0144stwo i komfort lotu pragniemy nadmieni\u0107, i\u017c:<\/strong><\/em><\/span><\/p>\n<p>&#8211;\u00a0\u00a0\u00a0\u00a0\u00a0\u00a0\u00a0 Go\u015bciom nie wolno spo\u017cywa\u0107 alkoholu oraz \u015brodk\u00f3w odurzaj\u0105cych przed i w trakcie lotu;<u><\/u><u><\/u><\/p>\n<p>&#8211;\u00a0\u00a0\u00a0\u00a0\u00a0\u00a0\u00a0 nie zabieramy zb\u0119dnego baga\u017cu (torebki, du\u017ce plecaki, ciuchy itp.);<u><\/u><u><\/u><\/p>\n<p>&#8211;\u00a0\u00a0\u00a0\u00a0\u00a0\u00a0\u00a0 podczas lotu nie odczuwamy innej temperatury ni\u017c ta na ziemi, nie potrzebne s\u0105 nam np. koce czy dodatkowe kurtki;<u><\/u><u><\/u><\/p>\n<p>&#8211;\u00a0\u00a0\u00a0\u00a0\u00a0\u00a0\u00a0 zabieramy na pok\u0142ad dzieci o wzro\u015bcie powy\u017cej 130 cm w towarzystwie opiekuna (osoby doros\u0142ej);<u><\/u><u><\/u><\/p>\n<p>&#8211;\u00a0\u00a0\u00a0\u00a0\u00a0\u00a0\u00a0 lot balonem nie wskazany jest dla kobiet w ci\u0105\u017cy oraz dla os\u00f3b z powa\u017cnymi urazami kostno \u2013 stawowymi (kr\u0119gos\u0142up, kolana).<\/p>\n","protected":false},"excerpt":{"rendered":"<p>Zach\u0119camy Pa\u0144stwa do przygotowania si\u0119 na lot w nast\u0119puj\u0105cy spos\u00f3b: &#8211;\u00a0\u00a0\u00a0\u00a0\u00a0\u00a0\u00a0 obuwie sportowe, najlepiej wi\u0105zane (niewskazane s\u0105 buty na obcasie, klapki czy japonki); &#8211;\u00a0\u00a0\u00a0\u00a0\u00a0\u00a0\u00a0 nakrycie g\u0142owy np. czapeczka, bandamka (p\u0142omie\u0144 od palnika emituje du\u017c\u0105 ilo\u015b\u0107 ciep\u0142a); &#8211;\u00a0\u00a0\u00a0\u00a0\u00a0\u00a0\u00a0 z uwagi, \u017ce l\u0105dowanie odbywa si\u0119 w miejscu przygodnym np. pole, dobrze by\u0107 ubranym w d\u0142ugie spodnie; &#8211;\u00a0\u00a0\u00a0\u00a0\u00a0\u00a0\u2026 <span class=\"read-more\"><a href=\"https:\/\/mazur-sky.pl\/?page_id=100\">Dowiedz si\u0119 wi\u0119cej &raquo;<\/a><\/span><\/p>\n","protected":false},"author":1,"featured_media":0,"parent":0,"menu_order":0,"comment_status":"closed","ping_status":"closed","template":"","meta":{"footnotes":""},"class_list":["post-100","page","type-page","status-publish","hentry"],"_links":{"self":[{"href":"https:\/\/mazur-sky.pl\/index.php?rest_route=\/wp\/v2\/pages\/100","targetHints":{"allow":["GET"]}}],"collection":[{"href":"https:\/\/mazur-sky.pl\/index.php?rest_route=\/wp\/v2\/pages"}],"about":[{"href":"https:\/\/mazur-sky.pl\/index.php?rest_route=\/wp\/v2\/types\/page"}],"author":[{"embeddable":true,"href":"https:\/\/mazur-sky.pl\/index.php?rest_route=\/wp\/v2\/users\/1"}],"replies":[{"embeddable":true,"href":"https:\/\/mazur-sky.pl\/index.php?rest_route=%2Fwp%2Fv2%2Fcomments&post=100"}],"version-history":[{"count":6,"href":"https:\/\/mazur-sky.pl\/index.php?rest_route=\/wp\/v2\/pages\/100\/revisions"}],"predecessor-version":[{"id":107,"href":"https:\/\/mazur-sky.pl\/index.php?rest_route=\/wp\/v2\/pages\/100\/revisions\/107"}],"wp:attachment":[{"href":"https:\/\/mazur-sky.pl\/index.php?rest_route=%2Fwp%2Fv2%2Fmedia&parent=100"}],"curies":[{"name":"wp","href":"https:\/\/api.w.org\/{rel}","templated":true}]}}